{"id":2,"date":"2016-06-20T07:48:11","date_gmt":"2016-06-20T07:48:11","guid":{"rendered":"http:\/\/sakaryasogutlutaksi.com.tr\/?page_id=2"},"modified":"2024-03-23T14:51:41","modified_gmt":"2024-03-23T11:51:41","slug":"home","status":"publish","type":"page","link":"https:\/\/sakaryasogutlutaksi.com.tr\/","title":{"rendered":"Home"},"content":{"rendered":"<p>[vc_row content_placement=&#8221;middle&#8221; wrap_container=&#8221;yes&#8221; is_section=&#8221;yes&#8221; section_skin=&#8221;parallax&#8221; remove_margin_top=&#8221;yes&#8221; remove_margin_bottom=&#8221;yes&#8221; remove_border=&#8221;yes&#8221; css=&#8221;.vc_custom_1555715848819{border-top-width: 1px !important;border-bottom-width: 1px !important;border-top-color: rgba(0,0,0,0.06) !important;border-top-style: solid !important;border-bottom-color: rgba(0,0,0,0.06) !important;border-bottom-style: solid !important;}&#8221;][vc_column animation_delay=&#8221;500&#8243; offset=&#8221;vc_col-md-7&#8243; animation_type=&#8221;fadeInLeft&#8221;][vc_custom_heading text=&#8221;<strong>Sakarya <em>S\u00f6\u011f\u00fctl\u00fc Taksi<\/em> 7\/24 Hizmetinizde &#8212; 0554 405 7006 <\/strong>&#8221; font_container=&#8221;tag:h2|font_size:48|text_align:left|line_height:58px&#8221; use_theme_fonts=&#8221;yes&#8221; css_animation=&#8221;none&#8221; el_class=&#8221;mb-lg-0&#8243;][vc_row_inner][vc_column_inner][\/vc_column_inner][\/vc_row_inner][\/vc_column][vc_column animation_delay=&#8221;800&#8243; offset=&#8221;vc_col-md-3&#8243; animation_type=&#8221;fadeInLeft&#8221;][vc_column_text el_class=&#8221;text-lg-end mb-lg-0&#8243;]Sizlere en h\u0131zl\u0131 ve g\u00fcvenli hizmet vermeyi garanti ediyoruz. Son model ara\u00e7lar\u0131m\u0131zla g\u00fcler y\u00fczl\u00fc, huzurlu ve keyifli yolculuk ile memnuniyetinizi artt\u0131r\u0131yoruz. Sizlere bir telefon kadar yak\u0131n\u0131z..[\/vc_column_text][\/vc_column][vc_column animation_delay=&#8221;1100&#8243; offset=&#8221;vc_col-md-2&#8243; el_class=&#8221;text-lg-end&#8221; animation_type=&#8221;fadeInLeft&#8221;][vc_btn title=&#8221;0554 405 7006&#8243; style=&#8221;outline&#8221; shape=&#8221;round&#8221; color=&#8221;orange&#8221; size=&#8221;lg&#8221; skin=&#8221;primary&#8221; btn_arrow=&#8221;yes&#8221; custom_onclick=&#8221;true&#8221; link=&#8221;url:%23|||&#8221; el_class=&#8221;mb-0&#8243;][\/vc_column][vc_column]<div class=\"porto-carousel owl-carousel has-ccols ccols-1 m-t-xl nav-pos-inside nav-style-2\" data-appear-animation=\"fadeIn\" data-appear-animation-delay=\"500\" data-plugin-options=\"{&quot;stagePadding&quot;:0,&quot;margin&quot;:0,&quot;autoplay&quot;:false,&quot;autoplayTimeout&quot;:5000,&quot;autoplayHoverPause&quot;:false,&quot;items&quot;:1,&quot;lg&quot;:1,&quot;md&quot;:1,&quot;sm&quot;:1,&quot;xs&quot;:1,&quot;nav&quot;:&quot;yes&quot;,&quot;dots&quot;:false,&quot;animateIn&quot;:&quot;fadeIn&quot;,&quot;animateOut&quot;:&quot;fadeOut&quot;,&quot;loop&quot;:&quot;yes&quot;,&quot;center&quot;:&quot;yes&quot;,&quot;video&quot;:false,&quot;lazyLoad&quot;:false,&quot;fullscreen&quot;:false}\">[vc_single_image image=&#8221;826&#8243; img_size=&#8221;large&#8221; alignment=&#8221;center&#8221; el_class=&#8221;mb-0&#8243;][vc_single_image image=&#8221;2622&#8243;]<\/div>[\/vc_column][\/vc_row][vc_row wrap_container=&#8221;yes&#8221; css=&#8221;.vc_custom_1555717176276{padding-top: 110px !important;padding-bottom: 93px !important;background-color: #f7f7f7 !important;}&#8221;][vc_column width=&#8221;1\/3&#8243;]<div class=\"porto-u-heading px-lg-4  wpb_custom_95aa9a11c17ad45cfabaf210d84ee7cc\" data-hspacer=\"no_spacer\" data-halign=\"center\" style=\"text-align:center\" data-appear-animation=\"fadeInLeftBig\" data-appear-animation-delay=\"100\"><div class=\"porto-u-main-heading\"><h2   style=\"font-weight:700;margin-bottom: 16px;font-size:25px;line-height:27px;\">Havaalan\u0131 Hizmeti<\/h2><\/div><div class=\"porto-u-sub-heading\" style=\"\">\u0130stanbul Sabiha G\u00f6k\u00e7en Havaliman\u0131 (SAW) ve \u0130stanbul Havaliman\u0131 (IST) hizmetimiz bulunmaktad\u0131r.<\/div><\/div>[\/vc_column][vc_column width=&#8221;1\/3&#8243;]<div class=\"porto-u-heading px-lg-4  wpb_custom_95aa9a11c17ad45cfabaf210d84ee7cc\" data-hspacer=\"no_spacer\" data-halign=\"center\" style=\"text-align:center\" data-appear-animation=\"fadeIn\" data-appear-animation-delay=\"400\"><div class=\"porto-u-main-heading\"><h2   style=\"font-weight:700;margin-bottom: 16px;font-size:25px;line-height:27px;\">G\u00fcler Y\u00fczl\u00fc Keyifli Yolculuk<\/h2><\/div><div class=\"porto-u-sub-heading\" style=\"\">H\u0131zl\u0131, g\u00fcvenilir, keyifli yolculuklar\u0131n\u0131zda sizlere e\u015flik ediyoruz.<\/div><\/div>[\/vc_column][vc_column width=&#8221;1\/3&#8243;]<div class=\"porto-u-heading px-lg-4  wpb_custom_95aa9a11c17ad45cfabaf210d84ee7cc\" data-hspacer=\"no_spacer\" data-halign=\"center\" style=\"text-align:center\" data-appear-animation=\"fadeInRightBig\" data-appear-animation-delay=\"100\"><div class=\"porto-u-main-heading\"><h2   style=\"font-weight:700;margin-bottom: 16px;font-size:25px;line-height:27px;\">\u00c7evre \u0130l ve \u0130l\u00e7elere Hizmet<\/h2><\/div><div class=\"porto-u-sub-heading\" style=\"\">Bolu, D\u00fczce, Kocaeli, \u0130stanbul, Ankara gibi illerin yan\u0131 s\u0131ra Karasu, Ferizli, Kocaali, Kaynarca, Kand\u0131ra, Sapanca, Adapazar\u0131 gibi her il\u00e7emize ve \u00e7evre illerin il\u00e7elerine ula\u015f\u0131m hizmeti sunuyoruz.<\/div><\/div>[\/vc_column][\/vc_row]<\/p>\n","protected":false},"excerpt":{"rendered":"<p>[vc_row content_placement=&#8221;middle&#8221; wrap_container=&#8221;yes&#8221; is_section=&#8221;yes&#8221; section_skin=&#8221;parallax&#8221; remove_margin_top=&#8221;yes&#8221; remove_margin_bottom=&#8221;yes&#8221; remove_border=&#8221;yes&#8221; css=&#8221;.vc_custom_1555715848819{border-top-width: 1px !important;border-bottom-width: 1px !important;border-top-color: rgba(0,0,0,0.06) !important;border-top-style: solid !important;border-bottom-color: rgba(0,0,0,0.06) !important;border-bottom-style: solid !important;}&#8221;][vc_column animation_delay=&#8221;500&#8243; offset=&#8221;vc_col-md-7&#8243; animation_type=&#8221;fadeInLeft&#8221;][vc_custom_heading text=&#8221;Sakarya S\u00f6\u011f\u00fctl\u00fc Taksi 7\/24 Hizmetinizde &#8212; 0554 405 7006 &#8221; font_container=&#8221;tag:h2|font_size:48|text_align:left|line_height:58px&#8221; use_theme_fonts=&#8221;yes&#8221; css_animation=&#8221;none&#8221; el_class=&#8221;mb-lg-0&#8243;][vc_row_inner][vc_column_inner][\/vc_column_inner][\/vc_row_inner][\/vc_column][vc_column animation_delay=&#8221;800&#8243; offset=&#8221;vc_col-md-3&#8243; animation_type=&#8221;fadeInLeft&#8221;][vc_column_text el_class=&#8221;text-lg-end mb-lg-0&#8243;]Sizlere en h\u0131zl\u0131 ve g\u00fcvenli hizmet vermeyi garanti ediyoruz. Son model ara\u00e7lar\u0131m\u0131zla g\u00fcler [&hellip;]<\/p>\n","protected":false},"author":1,"featured_media":0,"parent":0,"menu_order":0,"comment_status":"closed","ping_status":"closed","template":"","meta":{"footnotes":""},"class_list":["post-2","page","type-page","status-publish","hentry"],"_links":{"self":[{"href":"https:\/\/sakaryasogutlutaksi.com.tr\/index.php?rest_route=\/wp\/v2\/pages\/2","targetHints":{"allow":["GET"]}}],"collection":[{"href":"https:\/\/sakaryasogutlutaksi.com.tr\/index.php?rest_route=\/wp\/v2\/pages"}],"about":[{"href":"https:\/\/sakaryasogutlutaksi.com.tr\/index.php?rest_route=\/wp\/v2\/types\/page"}],"author":[{"embeddable":true,"href":"https:\/\/sakaryasogutlutaksi.com.tr\/index.php?rest_route=\/wp\/v2\/users\/1"}],"replies":[{"embeddable":true,"href":"https:\/\/sakaryasogutlutaksi.com.tr\/index.php?rest_route=%2Fwp%2Fv2%2Fcomments&post=2"}],"version-history":[{"count":14,"href":"https:\/\/sakaryasogutlutaksi.com.tr\/index.php?rest_route=\/wp\/v2\/pages\/2\/revisions"}],"predecessor-version":[{"id":2631,"href":"https:\/\/sakaryasogutlutaksi.com.tr\/index.php?rest_route=\/wp\/v2\/pages\/2\/revisions\/2631"}],"wp:attachment":[{"href":"https:\/\/sakaryasogutlutaksi.com.tr\/index.php?rest_route=%2Fwp%2Fv2%2Fmedia&parent=2"}],"curies":[{"name":"wp","href":"https:\/\/api.w.org\/{rel}","templated":true}]}}